{"id":105,"date":"2011-05-17T08:15:53","date_gmt":"2011-05-17T08:15:53","guid":{"rendered":"http:\/\/www.eule-interreg.eu\/?page_id=105"},"modified":"2011-10-27T14:53:50","modified_gmt":"2011-10-27T14:53:50","slug":"downloads","status":"publish","type":"page","link":"https:\/\/www.eule-interreg.eu\/?page_id=105","title":{"rendered":"Downloads"},"content":{"rendered":"<table border=\"0\" width=\"100%\">\n<tbody>\n<tr>\n<td colspan=\"2\"><span style=\"font-size: 18px;\">Verflechtungen<\/span><\/td>\n<\/tr>\n<tr>\n<td style=\"padding-left: 25px;\"><a href=\"http:\/\/www.eule-interreg.eu\/wp-content\/uploads\/EULE_Endbericht_Teil1_Verflechtungsraum_Web.pdf\" target=\"_blank\"><img loading=\"lazy\" decoding=\"async\" class=\"aligncenter size-thumbnail wp-image-623\" title=\"Endbericht Teil 1\" src=\"http:\/\/www.eule-interreg.eu\/wp-content\/uploads\/EULE-Cover_Teil1-89x150.jpg\" alt=\"Endbericht Teil 1\" width=\"89\" height=\"150\" srcset=\"https:\/\/www.eule-interreg.eu\/wp-content\/uploads\/EULE-Cover_Teil1-89x150.jpg 89w, https:\/\/www.eule-interreg.eu\/wp-content\/uploads\/EULE-Cover_Teil1-179x300.jpg 179w, https:\/\/www.eule-interreg.eu\/wp-content\/uploads\/EULE-Cover_Teil1.jpg 197w\" sizes=\"auto, (max-width: 89px) 100vw, 89px\" \/><\/a><\/td>\n<td>Grenz\u00fcbergreifende Bewertung und Analyse des Verflechtungsraumes Salzburg<\/td>\n<\/tr>\n<tr>\n<td style=\"text-indent: 25px;\"><strong>Karten:<\/strong><\/td>\n<\/tr>\n<tr>\n<td style=\"text-indent: 25px;\"><a href=\"http:\/\/www.eule-interreg.eu\/wp-content\/uploads\/Karte_3_01_Agglomerationsraeume.pdf\" target=\"_blank\">Karte 3-01<\/a><\/td>\n<td>Agglomerationsr\u00e4ume im Projektgebiet und Umgebung<\/td>\n<\/tr>\n<tr>\n<td style=\"text-indent: 25px;\"><a href=\"http:\/\/www.eule-interreg.eu\/wp-content\/uploads\/Karte_3_02_Tourismusgemeinden_LEP2003.pdf\" target=\"_blank\">Karte 3-02<\/a><\/td>\n<td>Tourismusgemeinden nach dem Salzburger Landesentwicklungsprogramm 2003<\/td>\n<\/tr>\n<tr>\n<td style=\"text-indent: 25px;\"><a href=\"http:\/\/www.eule-interreg.eu\/wp-content\/uploads\/Karte_3_03_Touristische_Verdichtungsraeume_OEROK.pdf\" target=\"_blank\">Karte 3-03<\/a><\/td>\n<td>Touristische Verdichtungsr\u00e4ume nach &#8220;Szenarien der Raumentwicklung \u00d6sterreichs 2030&#8221;<\/td>\n<\/tr>\n<tr>\n<td style=\"text-indent: 25px;\"><a href=\"http:\/\/www.eule-interreg.eu\/wp-content\/uploads\/Karte_3_04_Saisonale_Abhaengigkeit_Tourismus.pdf\" target=\"_blank\">Karte 3-04<\/a><\/td>\n<td>Saisonale Abh\u00e4ngigkeit im Tourismus<\/td>\n<\/tr>\n<tr>\n<td style=\"text-indent: 25px;\"><a href=\"http:\/\/www.eule-interreg.eu\/wp-content\/uploads\/Karte_3_05_Tertiaer_gepraegte_Gemeinden.pdf\" target=\"_blank\">Karte 3-05<\/a><\/td>\n<td>Terti\u00e4r gepr\u00e4gte Gemeinden<\/td>\n<\/tr>\n<tr>\n<td style=\"text-indent: 25px;\"><a href=\"http:\/\/www.eule-interreg.eu\/wp-content\/uploads\/Karte_3_06_Bevoelkerungsentwicklung_Komponenten.pdf\" target=\"_blank\">Karte 3-06<\/a><\/td>\n<td>Bev\u00f6lkerungsentwicklung nach Komponenten 2002 &#8211; 2007<\/td>\n<\/tr>\n<tr>\n<td style=\"text-indent: 25px;\"><a href=\"http:\/\/www.eule-interreg.eu\/wp-content\/uploads\/Karte_3_07_Bevoelkerungsentwicklung_Altersstruktur.pdf\" target=\"_blank\">Karte 3-07<\/a><\/td>\n<td>Bev\u00f6lkerungsentwicklung und Altersstruktur<\/td>\n<\/tr>\n<tr>\n<td style=\"text-indent: 25px;\"><a href=\"http:\/\/www.eule-interreg.eu\/wp-content\/uploads\/Karte_3_08_Demographische_Gemeindetypen.pdf\" target=\"_blank\">Karte 3-08<\/a><\/td>\n<td>Demographische Gemeindetypen<\/td>\n<\/tr>\n<tr>\n<td style=\"text-indent: 25px;\"><a href=\"http:\/\/www.eule-interreg.eu\/wp-content\/uploads\/Karte_3_09_Anteil_1und2Familienhaeuser.pdf\" target=\"_blank\">Karte 3-09<\/a><\/td>\n<td>Anteil an Ein- und Zweifamilienh\u00e4usern<\/td>\n<\/tr>\n<tr>\n<td style=\"text-indent: 25px;\"><a href=\"http:\/\/www.eule-interreg.eu\/wp-content\/uploads\/Karte_3_10_Wohnbauland_je_Einwohner_2009.pdf\" target=\"_blank\">Karte 3-10<\/a><\/td>\n<td>Wohnbauland je Einwohner (2009)<\/td>\n<\/tr>\n<tr>\n<td style=\"text-indent: 25px;\"><a href=\"http:\/\/www.eule-interreg.eu\/wp-content\/uploads\/Karte_3_11_Gemeindependlerstroeme_Suedostoberbayern.pdf\" target=\"_blank\">Karte 3-11<\/a><\/td>\n<td>Gemeindependlerstr\u00f6me innerhalb S\u00fcdostoberbayerns<\/td>\n<\/tr>\n<tr>\n<td style=\"text-indent: 25px;\"><a href=\"http:\/\/www.eule-interreg.eu\/wp-content\/uploads\/Karte_3_12_Gemeindependlerstroeme_LandSalzburg.pdf\" target=\"_blank\">Karte 3-12<\/a><\/td>\n<td>Gemeindependlerstr\u00f6me innerhalb des Landes Salzburg<\/td>\n<\/tr>\n<tr>\n<td style=\"text-indent: 25px;\"><a href=\"http:\/\/www.eule-interreg.eu\/wp-content\/uploads\/Karte_3_13_Pendlereinzugsbereiche_Agglomerationen.pdf\" target=\"_blank\">Karte 3-13<\/a><\/td>\n<td>Pendlereinzugsbereiche der Agglomerationen Rosenheim und Salzburg<\/td>\n<\/tr>\n<tr>\n<td style=\"text-indent: 25px;\"><a href=\"http:\/\/www.eule-interreg.eu\/wp-content\/uploads\/Karte_3_14a_SVV-Fahrtrelationen_Schueler.pdf\" target=\"_blank\">Karte 3-14a<\/a><\/td>\n<td>SVV-Fahrtrelationen: Sch\u00fcler<\/td>\n<\/tr>\n<tr>\n<td style=\"text-indent: 25px;\"><a href=\"http:\/\/www.eule-interreg.eu\/wp-content\/uploads\/Karte_3_14b_SVV-Fahrtrelationen_Lehrlinge.pdf\" target=\"_blank\">Karte 3-14b<\/a><\/td>\n<td>SVV-Fahrtrelationen: Lehrlinge<\/td>\n<\/tr>\n<tr>\n<td style=\"text-indent: 25px;\"><a href=\"http:\/\/www.eule-interreg.eu\/wp-content\/uploads\/Karte_3_14c_SVV-Fahrtrelationen_Studierende.pdf\" target=\"_blank\">Karte 3-14c<\/a><\/td>\n<td>SVV-Fahrtrelationen: Studierende<\/td>\n<\/tr>\n<tr>\n<td style=\"text-indent: 25px;\"><a href=\"http:\/\/www.eule-interreg.eu\/wp-content\/uploads\/Karte_3_15_Innergemeindliche_SVV-Fahrtrelationen.pdf\" target=\"_blank\">Karte 3-15<\/a><\/td>\n<td>Innergemeindliche SVV-Fahrtrelationen<\/td>\n<\/tr>\n<tr>\n<td style=\"text-indent: 25px;\"><a href=\"http:\/\/www.eule-interreg.eu\/wp-content\/uploads\/Karte_3_16_SVV-Ausschoepfungsgrad.pdf\" target=\"_blank\">Karte 3-16<\/a><\/td>\n<td>SVV-Aussch\u00f6pfungsgrad<\/td>\n<\/tr>\n<tr>\n<td style=\"text-indent: 25px;\"><a href=\"http:\/\/www.eule-interreg.eu\/wp-content\/uploads\/Karte_3_17_UniversitaetSalzburg_Einzugsbereich.pdf\" target=\"_blank\">Karte 3-17<\/a><\/td>\n<td>Universit\u00e4t Salzburg &#8211; Einzugsbereich<\/td>\n<\/tr>\n<tr>\n<td style=\"text-indent: 25px;\"><a href=\"http:\/\/www.eule-interreg.eu\/wp-content\/uploads\/Karte_3_18_FHRosenheim_Einzugsbereich.pdf\" target=\"_blank\">Karte 3-18<\/a><\/td>\n<td>Fachhochschule Rosenheim &#8211; Einzugsbereich<\/td>\n<\/tr>\n<tr>\n<td style=\"text-indent: 25px;\"><a href=\"http:\/\/www.eule-interreg.eu\/wp-content\/uploads\/Karte_3_19_FHRosenheim_Ausschoepfungsgrad.pdf\" target=\"_blank\">Karte 3-19<\/a><\/td>\n<td>Fachhochschule Rosenheim &#8211; Aussch\u00f6pfungsgrad<\/td>\n<\/tr>\n<tr>\n<td style=\"text-indent: 25px;\"><a href=\"http:\/\/www.eule-interreg.eu\/wp-content\/uploads\/Karte_3_20_FlughafenSalzburg_Einzugsbereich.pdf\" target=\"_blank\">Karte 3-20<\/a><\/td>\n<td>Flughafen Salzburg &#8211; Einzugsbereich<\/td>\n<\/tr>\n<tr>\n<td style=\"text-indent: 25px;\"><a href=\"http:\/\/www.eule-interreg.eu\/wp-content\/uploads\/Karte_3_21_WatzmannTherme_Einzugsbereich.pdf\" target=\"_blank\">Karte 3-21<\/a><\/td>\n<td>Watzmann-Therme &#8211; Einzugsbereich<\/td>\n<\/tr>\n<tr>\n<td style=\"text-indent: 25px;\"><a href=\"http:\/\/www.eule-interreg.eu\/wp-content\/uploads\/Karte_3_22_RupertusTherme_Einzugsbereich.pdf\" target=\"_blank\">Karte 3-22<\/a><\/td>\n<td>Rupertus-Therme &#8211; Einzugsbereich<\/td>\n<\/tr>\n<tr>\n<td style=\"text-indent: 25px;\"><a href=\"http:\/\/www.eule-interreg.eu\/wp-content\/uploads\/Karte_3_23_AquaSalzaTherme_Einzugsbereich.pdf\" target=\"_blank\">Karte 3-23<\/a><\/td>\n<td>Aqua Salza-Therme &#8211; Einzugsbereich<\/td>\n<\/tr>\n<tr>\n<td style=\"padding-top: 15px; text-indent: 25px;\"><a href=\"http:\/\/www.eule-interreg.eu\/wp-content\/uploads\/Fragebogen_EULE_Freizeitmobilitaet.pdf\" target=\"_blank\">Fragebogen<\/a><\/td>\n<td style=\"padding-top: 15px;\">Freizeitmobilit\u00e4t im EU-Grenzraum Salzburg\/Bayern<\/td>\n<\/tr>\n<tr>\n<td><\/td>\n<\/tr>\n<tr>\n<td style=\"padding-top: 15px;\" colspan=\"2\"><span style=\"font-size: 18px;\">\u00d6ffentlicher Verkehr<\/span><\/td>\n<\/tr>\n<tr>\n<td style=\"padding-left: 25px;\" width=\"18%\"><a href=\"http:\/\/www.eule-interreg.eu\/wp-content\/uploads\/EULE_Endbericht_Teil_2_OEPNV_Web.pdf\" target=\"_blank\"><img loading=\"lazy\" decoding=\"async\" class=\"aligncenter size-thumbnail wp-image-624\" title=\"Endbericht Teil 2\" src=\"http:\/\/www.eule-interreg.eu\/wp-content\/uploads\/EULE-Cover_Teil2-90x150.jpg\" alt=\"Endbericht Teil 2\" width=\"90\" height=\"150\" srcset=\"https:\/\/www.eule-interreg.eu\/wp-content\/uploads\/EULE-Cover_Teil2-90x150.jpg 90w, https:\/\/www.eule-interreg.eu\/wp-content\/uploads\/EULE-Cover_Teil2-180x300.jpg 180w, https:\/\/www.eule-interreg.eu\/wp-content\/uploads\/EULE-Cover_Teil2.jpg 199w\" sizes=\"auto, (max-width: 90px) 100vw, 90px\" \/><\/a><\/td>\n<td>Entscheidungsgrundlagen f\u00fcr die grenz\u00fcbergreifende \u00d6PNV Planung<\/td>\n<\/tr>\n<tr>\n<td style=\"text-indent: 25px;\"><strong>Karten:<\/strong><\/td>\n<\/tr>\n<tr>\n<td style=\"text-indent: 25px;\"><a href=\"http:\/\/www.eule-interreg.eu\/wp-content\/uploads\/Karte_4_03a_Flaechenwidmung_S21.pdf\" target=\"_blank\">Karte 4-03a <\/a><\/td>\n<td>S-Bahn S2 (Salzburg &#8211; Stra\u00dfwalchen). Grenz\u00fcbergreifende Fl\u00e4chenwidmung, Regionalbahnlinien und Haltestellen<\/td>\n<\/tr>\n<tr>\n<td style=\"text-indent: 25px;\"><a href=\"http:\/\/www.eule-interreg.eu\/wp-content\/uploads\/Karte_4_03b_Flaechenwidmung_Traunstein.pdf\" target=\"_blank\">Karte 4-03b<\/a><\/td>\n<td>Freilassing-Traunstein-Traunreut-Trostberg. Grenz\u00fcbergreifende Fl\u00e4chenwidmung, Regionalbahnlinien und Haltestellen<\/td>\n<\/tr>\n<tr>\n<td style=\"text-indent: 25px;\"><a href=\"http:\/\/www.eule-interreg.eu\/wp-content\/uploads\/Karte_4_03c_Flaechenwidmung_Lokalbahn.pdf\" target=\"_blank\">Karte 4-03c<\/a><\/td>\n<td>Lokalbahn. Grenz\u00fcbergreifende Fl\u00e4chenwidmung, Regionalbahnlinien und Haltestellen<\/td>\n<\/tr>\n<tr>\n<td style=\"text-indent: 25px;\"><a href=\"http:\/\/www.eule-interreg.eu\/wp-content\/uploads\/Karte_4_04a_Einwohnerverteilung_S2_Mattigtalb.pdf\" target=\"_blank\">Karte 4-04a<\/a><\/td>\n<td>S-Bahn S2, Mattigtalbahn. Fu\u00dfl\u00e4ufige Einzugsgebiete der Haltestellen und Einwohnerverteilung<\/td>\n<\/tr>\n<tr>\n<td style=\"text-indent: 25px;\"><a href=\"http:\/\/www.eule-interreg.eu\/wp-content\/uploads\/Karte_4_04b_Einwohnerverteilung_Traunstein.pdf\" target=\"_blank\">Karte 4-04b<\/a><\/td>\n<td>Freilassing-Traunstein-Traunreut-Trostberg. Fu\u00dfl\u00e4ufige Einzugsgebiete der Haltestellen und Einwohnerverteilung<\/td>\n<\/tr>\n<tr>\n<td style=\"text-indent: 25px;\"><a href=\"http:\/\/www.eule-interreg.eu\/wp-content\/uploads\/Karte_4_04c_Einwohnerverteilung_Lokalbahn.pdf\" target=\"_blank\">Karte 4-04c<\/a><\/td>\n<td>Lokalbahn. Fu\u00dfl\u00e4ufige Einzugsgebiete der Haltestellen und Einwohnerverteilung<\/td>\n<\/tr>\n<tr>\n<td style=\"text-indent: 25px;\"><a href=\"http:\/\/www.eule-interreg.eu\/wp-content\/uploads\/Karte_4_05a_Regelm_Kilometrierung_S2_Mattigtalb.pdf\" target=\"_blank\">Karte 4-05a<\/a><\/td>\n<td>S-Bahn S2, Mattigtalbahn. Regelm\u00e4\u00dfige Kilometrierung der Trasse<\/td>\n<\/tr>\n<tr>\n<td style=\"text-indent: 25px;\"><a href=\"http:\/\/www.eule-interreg.eu\/wp-content\/uploads\/Karte_4_05b_Regelm_Kilometrierung_Traunstein.pdf\" target=\"_blank\">Karte 4-05b<\/a><\/td>\n<td>Freilassing-Traunstein-Traunreut-Trostberg. Regelm\u00e4\u00dfige Kilometrierung der Trasse<\/td>\n<\/tr>\n<tr>\n<td style=\"padding-top: 15px;\" colspan=\"2\"><span style=\"font-size: 18px;\">Wohnen<\/span><\/td>\n<\/tr>\n<tr>\n<td style=\"padding-left: 25px;\" width=\"18%\"><a href=\"http:\/\/www.eule-interreg.eu\/wp-content\/uploads\/EULE_Endbericht_Teil_3_WOHNEN_Web.pdf\" target=\"_blank\"><img loading=\"lazy\" decoding=\"async\" class=\"aligncenter size-thumbnail wp-image-625\" title=\"Endbericht Teil 3\" src=\"http:\/\/www.eule-interreg.eu\/wp-content\/uploads\/EULE-Cover_Teil3-92x150.jpg\" alt=\"Endbericht Teil 3\" width=\"92\" height=\"150\" srcset=\"https:\/\/www.eule-interreg.eu\/wp-content\/uploads\/EULE-Cover_Teil3-92x150.jpg 92w, https:\/\/www.eule-interreg.eu\/wp-content\/uploads\/EULE-Cover_Teil3-184x300.jpg 184w, https:\/\/www.eule-interreg.eu\/wp-content\/uploads\/EULE-Cover_Teil3.jpg 203w\" sizes=\"auto, (max-width: 92px) 100vw, 92px\" \/><\/a><\/td>\n<td>Grenz\u00fcbergreifende Wohnstandortanalyse und -bewertung<\/td>\n<\/tr>\n<tr>\n<td style=\"text-indent: 25px;\"><strong>Karten:<\/strong><\/td>\n<\/tr>\n<tr>\n<td style=\"text-indent: 25px;\"><a href=\"http:\/\/www.eule-interreg.eu\/wp-content\/uploads\/5_01_Projektgebiet_A3.pdf\" target=\"_blank\">Karte 5-01 <\/a><\/td>\n<td>Wohnstandortbewertung: Grenz\u00fcbergreifendes Projektgebiet<\/td>\n<\/tr>\n<tr>\n<td style=\"text-indent: 25px;\"><a href=\"http:\/\/www.eule-interreg.eu\/wp-content\/uploads\/5_02_LEH_Bewertung_A3.pdf\" target=\"_blank\">Karte 5-02<\/a><\/td>\n<td>Wohnstandortbewertung: N\u00e4he zu Nahversorgung &#8211; Lebensmitteleinzelhandel<\/td>\n<\/tr>\n<tr>\n<td style=\"text-indent: 25px;\"><a href=\"http:\/\/www.eule-interreg.eu\/wp-content\/uploads\/5_03_Kindergarten_Bewertung_A3.pdf\" target=\"_blank\">Karte 5-03<\/a><\/td>\n<td>Wohnstandortbewertung: N\u00e4he zu Bildungseinrichtungen &#8211; Kinderg\u00e4rten<\/td>\n<\/tr>\n<tr>\n<td style=\"text-indent: 25px;\"><a href=\"http:\/\/www.eule-interreg.eu\/wp-content\/uploads\/5_04_Schulen_Bewertung_A3.pdf\" target=\"_blank\">Karte 5-04<\/a><\/td>\n<td>Wohnstandortbewertung: N\u00e4he zu Bildungseinrichtungen &#8211; Volks\/Grundschulen<\/td>\n<\/tr>\n<tr>\n<td style=\"text-indent: 25px;\"><a href=\"http:\/\/www.eule-interreg.eu\/wp-content\/uploads\/5_05_Apotheken_Bewertung_A3.pdf\" target=\"_blank\">Karte 5-05<\/a><\/td>\n<td>Wohnstandortbewertung: N\u00e4he zu medizinischer Versorgung &#8211; Apotheken<\/td>\n<\/tr>\n<tr>\n<td style=\"text-indent: 25px;\"><a href=\"http:\/\/www.eule-interreg.eu\/wp-content\/uploads\/5_06_Bus_Bewertung_A3.pdf\" target=\"_blank\">Karte 5-06<\/a><\/td>\n<td>Wohnstandortbewertung: N\u00e4he zu \u00d6PNV &#8211; Bushaltestellen<\/td>\n<\/tr>\n<tr>\n<td style=\"text-indent: 25px;\"><a href=\"http:\/\/www.eule-interreg.eu\/wp-content\/uploads\/5_07_Bahn_Bewertung_A3.pdf\" target=\"_blank\">Karte 5-07<\/a><\/td>\n<td>Wohnstandortbewertung: N\u00e4he zu \u00d6PNV &#8211; Bahnhaltestellen (S-Bahn, Lokalbahn)<\/td>\n<\/tr>\n<tr>\n<td style=\"text-indent: 25px;\"><a href=\"http:\/\/www.eule-interreg.eu\/wp-content\/uploads\/5_08_Durchgrueung_A3.pdf\" target=\"_blank\">Karte 5-08<\/a><\/td>\n<td>Wohnstandortbewertung: Gewichtete Durchgr\u00fcnung im Wohnumfeld<\/td>\n<\/tr>\n<tr>\n<td style=\"text-indent: 25px;\"><a href=\"http:\/\/www.eule-interreg.eu\/wp-content\/uploads\/5_09_Gesamt_Bewertung_quartiersbez_gleichgew_A3.pdf\" target=\"_blank\">Karte 5-09<\/a><\/td>\n<td>Wohnstandortbewertung: Gleichgewichtete Gesamtbewertung hinsichtlich quartiersbez. Versorgungseinrichtungen<\/td>\n<\/tr>\n<tr>\n<td style=\"text-indent: 25px;\"><a href=\"http:\/\/www.eule-interreg.eu\/wp-content\/uploads\/5_10_Gesamt_Bewertung_oev_orientiert_A3.pdf\" target=\"_blank\">Karte 5-10<\/a><\/td>\n<td>Wohnstandortbewertung: \u00d6PNV-orientierte Gesamtbewertung<\/td>\n<\/tr>\n<tr>\n<td style=\"text-indent: 25px;\"><a href=\"http:\/\/www.eule-interreg.eu\/wp-content\/uploads\/5_11_Gesamt_Bewertung_oev_orientiert_A3_gewidmet.pdf\" target=\"_blank\">Karte 5-11<\/a><\/td>\n<td>Wohnstandortbewertung: \u00d6PNV-orientierte Gesamtbewertung der gewidmeten Fl\u00e4chen<\/td>\n<\/tr>\n<tr>\n<td style=\"padding-top: 15px;\" colspan=\"2\"><span style=\"font-size: 18px;\">Szenarien<br \/>\n<\/span><\/td>\n<\/tr>\n<tr>\n<td style=\"padding-left: 25px;\"><a href=\"http:\/\/www.eule-interreg.eu\/wp-content\/uploads\/EULE_Bericht_Szenarien_Endversion.pdf\" target=\"_blank\"><img loading=\"lazy\" decoding=\"async\" class=\"aligncenter size-thumbnail wp-image-623\" title=\"Endbericht Szenarien\" src=\"http:\/\/www.eule-interreg.eu\/wp-content\/uploads\/EULE-Cover_Szenarien_schatten.jpg\" alt=\"Endbericht Szenarien\" width=\"89\" height=\"130\" \/><\/a><\/td>\n<td>Regionale Szenarienanalyse als Planungsgrundlage f\u00fcr die nachhaltige Raumentwicklung der Europaregion Salzburg<\/td>\n<\/tr>\n<\/tbody>\n<\/table>\n","protected":false},"excerpt":{"rendered":"<p>Verflechtungen Grenz\u00fcbergreifende Bewertung und Analyse des Verflechtungsraumes Salzburg Karten: Karte 3-01 Agglomerationsr\u00e4ume im Projektgebiet und Umgebung Karte 3-02 Tourismusgemeinden nach dem Salzburger Landesentwicklungsprogramm 2003 Karte 3-03 Touristische Verdichtungsr\u00e4ume nach &#8220;Szenarien der Raumentwicklung \u00d6sterreichs 2030&#8221; Karte 3-04 Saisonale Abh\u00e4ngigkeit im Tourismus &hellip; <a href=\"https:\/\/www.eule-interreg.eu\/?page_id=105\">Continue reading <span class=\"meta-nav\">&rarr;<\/span><\/a><\/p>\n","protected":false},"author":2,"featured_media":0,"parent":0,"menu_order":0,"comment_status":"closed","ping_status":"closed","template":"","meta":{"footnotes":""},"class_list":["post-105","page","type-page","status-publish","hentry"],"aioseo_notices":[],"_links":{"self":[{"href":"https:\/\/www.eule-interreg.eu\/index.php?rest_route=\/wp\/v2\/pages\/105","targetHints":{"allow":["GET"]}}],"collection":[{"href":"https:\/\/www.eule-interreg.eu\/index.php?rest_route=\/wp\/v2\/pages"}],"about":[{"href":"https:\/\/www.eule-interreg.eu\/index.php?rest_route=\/wp\/v2\/types\/page"}],"author":[{"embeddable":true,"href":"https:\/\/www.eule-interreg.eu\/index.php?rest_route=\/wp\/v2\/users\/2"}],"replies":[{"embeddable":true,"href":"https:\/\/www.eule-interreg.eu\/index.php?rest_route=%2Fwp%2Fv2%2Fcomments&post=105"}],"version-history":[{"count":117,"href":"https:\/\/www.eule-interreg.eu\/index.php?rest_route=\/wp\/v2\/pages\/105\/revisions"}],"predecessor-version":[{"id":703,"href":"https:\/\/www.eule-interreg.eu\/index.php?rest_route=\/wp\/v2\/pages\/105\/revisions\/703"}],"wp:attachment":[{"href":"https:\/\/www.eule-interreg.eu\/index.php?rest_route=%2Fwp%2Fv2%2Fmedia&parent=105"}],"curies":[{"name":"wp","href":"https:\/\/api.w.org\/{rel}","templated":true}]}}