{"id":39,"date":"2011-05-13T15:05:05","date_gmt":"2011-05-13T15:05:05","guid":{"rendered":"http:\/\/www.eule-interreg.eu\/?page_id=39"},"modified":"2013-04-02T14:30:43","modified_gmt":"2013-04-02T14:30:43","slug":"projektinformation","status":"publish","type":"page","link":"https:\/\/www.eule-interreg.eu\/?page_id=39","title":{"rendered":"Projektinformation"},"content":{"rendered":"<p><span style=\"color: #009dd1;\"><strong>Ausgangslage<\/strong><\/span><\/p>\n<p>Der Grenzraum Salzburg &#8211; Bayern entwickelt sich stetig zu einem gemeinsamen grenz\u00fcbergreifenden Wirtschafts-, Arbeits- und Lebensraum. Viele raumordnungsrelevante Planungs- und Datengrundlagen stehen jedoch jeweils nur f\u00fcr die einzelnen L\u00e4nder Bayern oder Salzburg jedoch nicht grenz\u00fcbergreifend zur Verf\u00fcgung. Eine wachsende grenz\u00fcberschreitende Zusammenarbeit in unterschiedlichen Bereichen wie nachhaltige Regionalentwicklung, Verkehrs- und Infrastrukturplanung sowie weiteren Lebensbereichen ist eine wichtige Voraussetzung, um zuk\u00fcnftige Herausforderungen gemeinsam bew\u00e4ltigen zu k\u00f6nnen. Ziel des Interreg IV A Projektes ist, in einer umfassenden Kooperation und Vernetzung von Beh\u00f6rden, Planungs- und Entscheidungstr\u00e4gern zwischen Bayern und Salzburg, umsetzungsorientierte Entscheidungsgrundlagen mit Geographischen Informationssystemen (GIS) grenz\u00fcbergreifend zu entwickeln. Unter Mitarbeit der Gemeinden erfolgt der Aufbau einer indikatorenbasierten Datengrundlage, um die St\u00e4rkung eines gemeinsamen EuRegionalen Raumbewusstseins sowie die Bearbeitung von wichtigen grenz\u00fcbergreifenden Zukunftsthemen (gemeinsame nachhaltige Regionalentwicklung, Ausbau des \u00f6ffentlichen Verkehrs) zu unterst\u00fctzen. Die Ergebnisse des Projektes unterst\u00fctzen beispielsweise die Planung von S-Bahn Haltestellen, die Entwicklung von Planungsstrategien der L\u00e4nder Bayern und Salzburg oder die Bewertung der infrastrukturellen Versorgung im erweiterten Wohnungsumfeld.<\/p>\n<p><strong><span style=\"color: #009dd1;\">Projektziele<\/span><\/strong><\/p>\n<ul>\n<li>Erarbeitung grenz\u00fcberschreitender Datengrundlagen &amp; Raumindikatoren als Grundlage nachhaltiger Planungsstrategien f\u00fcr die Regionalentwicklung<\/li>\n<li>Anwendungs- und sachthemenorientierte Erarbeitung von Planungsgrundlagen in wichtigen grenz\u00fcberschreitenden Fragestellungen (S-Bahn)<\/li>\n<li>Erstellung von Entscheidungshilfen f\u00fcr eine grenz\u00fcbergreifende Region der kurzen Wege<\/li>\n<li>Bewertung regionaler infrastruktureller Raumpotenziale (infrastrukturelle Wohnstandort-Attraktivit\u00e4t) f\u00fcr den verdichteten Stadt-Umlandbereich<\/li>\n<li>Ableitung zuk\u00fcnftiger Herausforderungen der Raumentwicklung und Infrastrukturplanung aus bestehenden Raumszenarien<\/li>\n<li>F\u00f6rderung der grenz\u00fcberschreitenden Vernetzung und Zusammenarbeit<\/li>\n<\/ul>\n<p><img loading=\"lazy\" decoding=\"async\" src=\"..\/wp-content\/uploads\/wordle_ergebnis_v02-1024x367.png\" alt=\"\" width=\"640\" height=\"229\" \/><\/p>\n<p>&nbsp;<\/p>\n","protected":false},"excerpt":{"rendered":"<p>Ausgangslage Der Grenzraum Salzburg &#8211; Bayern entwickelt sich stetig zu einem gemeinsamen grenz\u00fcbergreifenden Wirtschafts-, Arbeits- und Lebensraum. Viele raumordnungsrelevante Planungs- und Datengrundlagen stehen jedoch jeweils nur f\u00fcr die einzelnen L\u00e4nder Bayern oder Salzburg jedoch nicht grenz\u00fcbergreifend zur Verf\u00fcgung. Eine wachsende &hellip; <a href=\"https:\/\/www.eule-interreg.eu\/?page_id=39\">Continue reading <span class=\"meta-nav\">&rarr;<\/span><\/a><\/p>\n","protected":false},"author":2,"featured_media":0,"parent":273,"menu_order":0,"comment_status":"closed","ping_status":"closed","template":"","meta":{"footnotes":""},"class_list":["post-39","page","type-page","status-publish","hentry"],"aioseo_notices":[],"_links":{"self":[{"href":"https:\/\/www.eule-interreg.eu\/index.php?rest_route=\/wp\/v2\/pages\/39","targetHints":{"allow":["GET"]}}],"collection":[{"href":"https:\/\/www.eule-interreg.eu\/index.php?rest_route=\/wp\/v2\/pages"}],"about":[{"href":"https:\/\/www.eule-interreg.eu\/index.php?rest_route=\/wp\/v2\/types\/page"}],"author":[{"embeddable":true,"href":"https:\/\/www.eule-interreg.eu\/index.php?rest_route=\/wp\/v2\/users\/2"}],"replies":[{"embeddable":true,"href":"https:\/\/www.eule-interreg.eu\/index.php?rest_route=%2Fwp%2Fv2%2Fcomments&post=39"}],"version-history":[{"count":29,"href":"https:\/\/www.eule-interreg.eu\/index.php?rest_route=\/wp\/v2\/pages\/39\/revisions"}],"predecessor-version":[{"id":886,"href":"https:\/\/www.eule-interreg.eu\/index.php?rest_route=\/wp\/v2\/pages\/39\/revisions\/886"}],"up":[{"embeddable":true,"href":"https:\/\/www.eule-interreg.eu\/index.php?rest_route=\/wp\/v2\/pages\/273"}],"wp:attachment":[{"href":"https:\/\/www.eule-interreg.eu\/index.php?rest_route=%2Fwp%2Fv2%2Fmedia&parent=39"}],"curies":[{"name":"wp","href":"https:\/\/api.w.org\/{rel}","templated":true}]}}