{"id":94,"date":"2011-05-17T08:14:25","date_gmt":"2011-05-17T08:14:25","guid":{"rendered":"http:\/\/www.eule-interreg.eu\/?page_id=94"},"modified":"2012-11-14T14:38:11","modified_gmt":"2012-11-14T14:38:11","slug":"wohnen","status":"publish","type":"page","link":"https:\/\/www.eule-interreg.eu\/?page_id=94","title":{"rendered":"Wohnstandortanalyse und -bewertung"},"content":{"rendered":"<p><strong><\/strong>Es wird ein Set an r\u00e4umlichen Indikatoren zur r\u00e4umlichen Bewertung der infrastrukturellen Versorgung im erweiterten Wohnungsumfeld f\u00fcr den verdichteten Stadt-Umlandbereich Salzburg entwickelt. Dabei wird die N\u00e4he des Wohnstandorts zu Einrichtungen der Grundversorgung wie Schulen, Kinderg\u00e4rten, Nahversorgung, \u00d6PNV integrativ analysiert und eine Wohnstandortbewertung auf Rasterzellenbasis vorgenommen. Ziel ist die Unterst\u00fctzung einer verst\u00e4rkten regionalen Abstimmung der Siedlungsentwicklung und Raumnutzung mit infrastrukturellen Raumpotenzialen.<\/p>\n<table width=\"643\" height=\"204\">\n<tbody>\n<tr>\n<td><img loading=\"lazy\" decoding=\"async\" class=\"alignnone size-full wp-image-307\" src=\"http:\/\/www.eule-interreg.eu\/wp-content\/uploads\/Graph_500_1000_Bahn_v02_small.png\" alt=\"\" width=\"170\" height=\"126\" srcset=\"https:\/\/www.eule-interreg.eu\/wp-content\/uploads\/Graph_500_1000_Bahn_v02_small.png 200w, https:\/\/www.eule-interreg.eu\/wp-content\/uploads\/Graph_500_1000_Bahn_v02_small-150x111.png 150w\" sizes=\"auto, (max-width: 170px) 100vw, 170px\" \/><\/td>\n<td><img loading=\"lazy\" decoding=\"async\" class=\"alignnone size-full wp-image-308\" src=\"http:\/\/www.eule-interreg.eu\/wp-content\/uploads\/Model_vis_LEH_roh_small.jpg\" alt=\"\" width=\"150\" height=\"79\" srcset=\"https:\/\/www.eule-interreg.eu\/wp-content\/uploads\/Model_vis_LEH_roh_small.jpg 200w, https:\/\/www.eule-interreg.eu\/wp-content\/uploads\/Model_vis_LEH_roh_small-150x79.jpg 150w\" sizes=\"auto, (max-width: 150px) 100vw, 150px\" \/><\/td>\n<td><img loading=\"lazy\" decoding=\"async\" class=\"alignnone size-full wp-image-306\" src=\"http:\/\/www.eule-interreg.eu\/wp-content\/uploads\/5_09_Gesamtbewertung_Page_2_abgewedelt_small.png\" alt=\"\" width=\"173\" height=\"164\" srcset=\"https:\/\/www.eule-interreg.eu\/wp-content\/uploads\/5_09_Gesamtbewertung_Page_2_abgewedelt_small.png 200w, https:\/\/www.eule-interreg.eu\/wp-content\/uploads\/5_09_Gesamtbewertung_Page_2_abgewedelt_small-150x142.png 150w\" sizes=\"auto, (max-width: 173px) 100vw, 173px\" \/><\/td>\n<\/tr>\n<\/tbody>\n<\/table>\n<p><strong>Endbericht Teil 3<\/strong><br \/>\n<a href=\"http:\/\/www.eule-interreg.eu\/wp-content\/uploads\/EULE_Endbericht_Teil_3_WOHNEN_Web.pdf\" target=\"_blank\">Grenz\u00fcbergreifende Wohnstandortanalyse und -bewertung <\/a><\/p>\n<p><strong>Karten<\/strong><br \/>\n<a href=\"http:\/\/www.eule-interreg.eu\/wp-content\/uploads\/EULE_Karten_5_01_Projektgebiet_Wohnstandortanalyse.pdf\" target=\"_blank\">Projektgebiet der Wohnstandortanalyse (Karte 5-01)<\/a><br \/>\n<a href=\"http:\/\/www.eule-interreg.eu\/wp-content\/uploads\/EULE_Karten_5_02_bis_5_07_Einzelbewertungen_Infrastruktur.pdf\" target=\"_blank\">Einzelindikatoren Infrastruktur (Karten 5-02 bis 5-07)<\/a><br \/>\n<a href=\"http:\/\/www.eule-interreg.eu\/wp-content\/uploads\/EULE_Karten_5_08_Durchgrueung.pdf\" target=\"_blank\">Einzelindikator Durchgr\u00fcnung (Karte 5-08)<\/a><br \/>\n<a href=\"http:\/\/www.eule-interreg.eu\/wp-content\/uploads\/EULE_Karten_5_09_bis_5_11_Gesamtbewertungen.pdf\" target=\"_blank\">Aggregierte Gesamtbewertungen (Karten 5-09 bis 5-11)<\/a><\/p>\n<p><a href=\"http:\/\/www.eule-interreg.eu\/wp-content\/uploads\/EULE_Bericht_Klassifikation_von_Gruenstrukturen_in_der_Masterplanregion.pdf\">Bericht zur Klassifikation von Gr\u00fcnstrukturtypen in der Masterplanregion<\/a><\/p>\n","protected":false},"excerpt":{"rendered":"<p>Es wird ein Set an r\u00e4umlichen Indikatoren zur r\u00e4umlichen Bewertung der infrastrukturellen Versorgung im erweiterten Wohnungsumfeld f\u00fcr den verdichteten Stadt-Umlandbereich Salzburg entwickelt. Dabei wird die N\u00e4he des Wohnstandorts zu Einrichtungen der Grundversorgung wie Schulen, Kinderg\u00e4rten, Nahversorgung, \u00d6PNV integrativ analysiert und &hellip; <a href=\"https:\/\/www.eule-interreg.eu\/?page_id=94\">Continue reading <span class=\"meta-nav\">&rarr;<\/span><\/a><\/p>\n","protected":false},"author":2,"featured_media":0,"parent":0,"menu_order":0,"comment_status":"closed","ping_status":"closed","template":"","meta":{"footnotes":""},"class_list":["post-94","page","type-page","status-publish","hentry"],"aioseo_notices":[],"_links":{"self":[{"href":"https:\/\/www.eule-interreg.eu\/index.php?rest_route=\/wp\/v2\/pages\/94","targetHints":{"allow":["GET"]}}],"collection":[{"href":"https:\/\/www.eule-interreg.eu\/index.php?rest_route=\/wp\/v2\/pages"}],"about":[{"href":"https:\/\/www.eule-interreg.eu\/index.php?rest_route=\/wp\/v2\/types\/page"}],"author":[{"embeddable":true,"href":"https:\/\/www.eule-interreg.eu\/index.php?rest_route=\/wp\/v2\/users\/2"}],"replies":[{"embeddable":true,"href":"https:\/\/www.eule-interreg.eu\/index.php?rest_route=%2Fwp%2Fv2%2Fcomments&post=94"}],"version-history":[{"count":30,"href":"https:\/\/www.eule-interreg.eu\/index.php?rest_route=\/wp\/v2\/pages\/94\/revisions"}],"predecessor-version":[{"id":314,"href":"https:\/\/www.eule-interreg.eu\/index.php?rest_route=\/wp\/v2\/pages\/94\/revisions\/314"}],"wp:attachment":[{"href":"https:\/\/www.eule-interreg.eu\/index.php?rest_route=%2Fwp%2Fv2%2Fmedia&parent=94"}],"curies":[{"name":"wp","href":"https:\/\/api.w.org\/{rel}","templated":true}]}}