{"id":99,"date":"2011-05-17T08:15:01","date_gmt":"2011-05-17T08:15:01","guid":{"rendered":"http:\/\/www.eule-interreg.eu\/?page_id=99"},"modified":"2011-10-27T13:44:25","modified_gmt":"2011-10-27T13:44:25","slug":"szenarien","status":"publish","type":"page","link":"https:\/\/www.eule-interreg.eu\/?page_id=99","title":{"rendered":"Regionale Szenarienanalyse"},"content":{"rendered":"<p><strong><\/strong>Bestehende r\u00e4umliche Szenarien und Prognosen (bspw. ESPON, \u00d6ROK, BBR) werden hinsichtlich ihrer Aussagen f\u00fcr die weitere Entwicklung der Europaregion Salzburg\u00a0 analysiert. Raumbezogene Herausforderungen und Handlungsempfehlungen f\u00fcr verschiedene Themenbereiche wie \u201enachhaltige Regionalentwicklung\/Umwelt\u201c, \u201eBev\u00f6lkerung\/Demographie\u201c oder \u201eWirtschaft\/Tourismus\u201c werden strukturiert herausgearbeitet und eine zukunftsorientierte Regionalentwicklung dadurch unterst\u00fctzt.<\/p>\n<table>\n<tbody>\n<tr>\n<td> <img loading=\"lazy\" decoding=\"async\" src=\"http:\/\/www.eule-interreg.eu\/wp-content\/uploads\/europa_bev_small.png\" alt=\"\" width=\"210\" height=\"210\" class=\"alignnone size-full wp-image-680\" srcset=\"https:\/\/www.eule-interreg.eu\/wp-content\/uploads\/europa_bev_small.png 210w, https:\/\/www.eule-interreg.eu\/wp-content\/uploads\/europa_bev_small-150x150.png 150w\" sizes=\"auto, (max-width: 210px) 100vw, 210px\" \/><\/td>\n<td> <img loading=\"lazy\" decoding=\"async\" src=\"http:\/\/www.eule-interreg.eu\/wp-content\/uploads\/bev_struktur_saeule_small.png\" alt=\"\" width=\"180\" height=\"200\" class=\"alignnone size-full wp-image-685\" srcset=\"https:\/\/www.eule-interreg.eu\/wp-content\/uploads\/bev_struktur_saeule_small.png 180w, https:\/\/www.eule-interreg.eu\/wp-content\/uploads\/bev_struktur_saeule_small-135x150.png 135w\" sizes=\"auto, (max-width: 180px) 100vw, 180px\" \/> <\/td>\n<td> <img loading=\"lazy\" decoding=\"async\" src=\"http:\/\/www.eule-interreg.eu\/wp-content\/uploads\/Karte_Wohnbauland_abgewedelt_small.png\" alt=\"\" title=\"Karte_Wohnbauland_abgewedelt_small\" width=\"210\" height=\"215\" class=\"alignnone size-full wp-image-433\" srcset=\"https:\/\/www.eule-interreg.eu\/wp-content\/uploads\/Karte_Wohnbauland_abgewedelt_small.png 210w, https:\/\/www.eule-interreg.eu\/wp-content\/uploads\/Karte_Wohnbauland_abgewedelt_small-146x150.png 146w\" sizes=\"auto, (max-width: 210px) 100vw, 210px\" \/><\/td>\n<\/tr>\n<\/tbody>\n<\/table>\n<p><strong>Endbericht<\/strong><br \/>\n<a href=\"http:\/\/www.eule-interreg.eu\/wp-content\/uploads\/EULE_Bericht_Szenarien_Endversion.pdf\" target=\"_blank\">Regionale Szenarienanalyse als Planungsgrundlage f\u00fcr die nachhaltige Raumentwicklung der Europaregion Salzburg<\/a><\/p>\n","protected":false},"excerpt":{"rendered":"<p>Bestehende r\u00e4umliche Szenarien und Prognosen (bspw. ESPON, \u00d6ROK, BBR) werden hinsichtlich ihrer Aussagen f\u00fcr die weitere Entwicklung der Europaregion Salzburg\u00a0 analysiert. Raumbezogene Herausforderungen und Handlungsempfehlungen f\u00fcr verschiedene Themenbereiche wie \u201enachhaltige Regionalentwicklung\/Umwelt\u201c, \u201eBev\u00f6lkerung\/Demographie\u201c oder \u201eWirtschaft\/Tourismus\u201c werden strukturiert herausgearbeitet und eine zukunftsorientierte &hellip; <a href=\"https:\/\/www.eule-interreg.eu\/?page_id=99\">Continue reading <span class=\"meta-nav\">&rarr;<\/span><\/a><\/p>\n","protected":false},"author":2,"featured_media":0,"parent":0,"menu_order":0,"comment_status":"closed","ping_status":"closed","template":"","meta":{"footnotes":""},"class_list":["post-99","page","type-page","status-publish","hentry"],"aioseo_notices":[],"_links":{"self":[{"href":"https:\/\/www.eule-interreg.eu\/index.php?rest_route=\/wp\/v2\/pages\/99","targetHints":{"allow":["GET"]}}],"collection":[{"href":"https:\/\/www.eule-interreg.eu\/index.php?rest_route=\/wp\/v2\/pages"}],"about":[{"href":"https:\/\/www.eule-interreg.eu\/index.php?rest_route=\/wp\/v2\/types\/page"}],"author":[{"embeddable":true,"href":"https:\/\/www.eule-interreg.eu\/index.php?rest_route=\/wp\/v2\/users\/2"}],"replies":[{"embeddable":true,"href":"https:\/\/www.eule-interreg.eu\/index.php?rest_route=%2Fwp%2Fv2%2Fcomments&post=99"}],"version-history":[{"count":29,"href":"https:\/\/www.eule-interreg.eu\/index.php?rest_route=\/wp\/v2\/pages\/99\/revisions"}],"predecessor-version":[{"id":693,"href":"https:\/\/www.eule-interreg.eu\/index.php?rest_route=\/wp\/v2\/pages\/99\/revisions\/693"}],"wp:attachment":[{"href":"https:\/\/www.eule-interreg.eu\/index.php?rest_route=%2Fwp%2Fv2%2Fmedia&parent=99"}],"curies":[{"name":"wp","href":"https:\/\/api.w.org\/{rel}","templated":true}]}}